{"id":36,"date":"2024-07-31T11:45:44","date_gmt":"2024-07-31T09:45:44","guid":{"rendered":"http:\/\/voyagepechecanada.com\/?page_id=36"},"modified":"2024-08-05T11:00:18","modified_gmt":"2024-08-05T09:00:18","slug":"demander-un-devis","status":"publish","type":"page","link":"https:\/\/voyagepechecanada.com\/index.php\/demander-un-devis\/","title":{"rendered":"Demander un devis"},"content":{"rendered":"<p>[et_pb_section fb_built=\u00a0\u00bb1&Prime; admin_label=\u00a0\u00bbContact Info\u00a0\u00bb _builder_version=\u00a0\u00bb4.27.0&Prime; _module_preset=\u00a0\u00bb87ee403d-e169-43ea-8acd-0c15180c7f92&Prime; background_color=\u00a0\u00bb#00457A\u00a0\u00bb hover_enabled=\u00a0\u00bb0&Prime; locked=\u00a0\u00bboff\u00a0\u00bb global_colors_info=\u00a0\u00bb{%22gcid-1f1bf5fb-a99d-4acc-8d9e-ddac074c158c%22:%91%22background_color_gradient_stops%22%93,%22gcid-a78660e1-cfc7-4771-a566-6834d6a7f06a%22:%91%22background_color_gradient_stops%22%93,%22gcid-24b0db87-dafa-47d9-995f-b90181e18c52%22:%91%22background_color_gradient_stops%22%93}\u00a0\u00bb title_text=\u00a0\u00bbP1037763&Prime; background_image=\u00a0\u00bbhttp:\/\/voyagepechecanada.com\/wp-content\/uploads\/2024\/08\/P1037763-scaled.webp\u00a0\u00bb parallax=\u00a0\u00bbon\u00a0\u00bb sticky_enabled=\u00a0\u00bb0&Prime; custom_margin=\u00a0\u00bb-220px||||false|false\u00a0\u00bb][et_pb_row _builder_version=\u00a0\u00bb4.27.0&Prime; _module_preset=\u00a0\u00bbdefault\u00a0\u00bb][et_pb_column _builder_version=\u00a0\u00bb4.27.0&Prime; _module_preset=\u00a0\u00bbdefault\u00a0\u00bb type=\u00a0\u00bb4_4&Prime;][et_pb_text _builder_version=\u00a0\u00bb4.27.0&Prime; _module_preset=\u00a0\u00bbdefault\u00a0\u00bb text_text_color=\u00a0\u00bbRGBA(255,255,255,0)\u00a0\u00bb hover_enabled=\u00a0\u00bb0&Prime; sticky_enabled=\u00a0\u00bb0&Prime;]<\/p>\n<p>Your content goes here. Edit or remove this text inline or in the module Content settings. You can also style every aspect of this content in the module Design settings and even apply custom CSS to this text in the module Advanced settings.<\/p>\n<p>dazlkd<\/p>\n<p>dzdjkaz<\/p>\n<p>daoi<\/p>\n<p>[\/et_pb_text][\/et_pb_column][\/et_pb_row][et_pb_row _builder_version=\u00a0\u00bb4.25.2&Prime; _module_preset=\u00a0\u00bbdefault\u00a0\u00bb global_colors_info=\u00a0\u00bb{}\u00a0\u00bb][et_pb_column type=\u00a0\u00bb4_4&Prime; _builder_version=\u00a0\u00bb4.25.2&Prime; _module_preset=\u00a0\u00bb8778e2e5-c678-405d-b076-3d6757bb348f\u00a0\u00bb custom_padding=\u00a0\u00bb60px|60px|60px|60px|true|true\u00a0\u00bb global_colors_info=\u00a0\u00bb{}\u00a0\u00bb][et_pb_heading title=\u00a0\u00bbDemander un devis\u00a0\u00bb _builder_version=\u00a0\u00bb4.25.2&Prime; _module_preset=\u00a0\u00bba385fea4-a5f7-48f2-a247-d5a185ce692e\u00a0\u00bb title_text_align=\u00a0\u00bbcenter\u00a0\u00bb locked=\u00a0\u00bboff\u00a0\u00bb global_colors_info=\u00a0\u00bb{}\u00a0\u00bb][\/et_pb_heading][et_pb_contact_form captcha=\u00a0\u00bboff\u00a0\u00bb email=\u00a0\u00bbinformations@voyagepechecanada.com\u00a0\u00bb custom_message=\u00a0\u00bb%%message%%||et_pb_line_break_holder||||et_pb_line_break_holder||%%name%%||et_pb_line_break_holder||||et_pb_line_break_holder||%%telephone%%||et_pb_line_break_holder||%%email%%\u00a0\u00bb success_message=\u00a0\u00bbMerci pour votre demande, nous vous recontacterons dans les plus brefs d\u00e9lais.\u00a0\u00bb submit_button_text=\u00a0\u00bbEnvoyer\u00a0\u00bb _builder_version=\u00a0\u00bb4.27.0&Prime; _module_preset=\u00a0\u00bba985be95-57e9-4310-beae-36aad6027aa4&Prime; _unique_id=\u00a0\u00bb085034b6-2c25-4672-b780-7a967f5e575a\u00a0\u00bb hover_enabled=\u00a0\u00bb0&Prime; global_colors_info=\u00a0\u00bb{}\u00a0\u00bb sticky_enabled=\u00a0\u00bb0&Prime;][et_pb_contact_field field_id=\u00a0\u00bbName\u00a0\u00bb field_title=\u00a0\u00bbNom\u00a0\u00bb _builder_version=\u00a0\u00bb4.27.0&Prime; _module_preset=\u00a0\u00bbdefault\u00a0\u00bb hover_enabled=\u00a0\u00bb0&Prime; global_colors_info=\u00a0\u00bb{}\u00a0\u00bb button_text_size__hover_enabled=\u00a0\u00bboff\u00a0\u00bb button_one_text_size__hover_enabled=\u00a0\u00bboff\u00a0\u00bb button_two_text_size__hover_enabled=\u00a0\u00bboff\u00a0\u00bb button_text_color__hover_enabled=\u00a0\u00bboff\u00a0\u00bb button_one_text_color__hover_enabled=\u00a0\u00bboff\u00a0\u00bb button_two_text_color__hover_enabled=\u00a0\u00bboff\u00a0\u00bb button_border_width__hover_enabled=\u00a0\u00bboff\u00a0\u00bb button_one_border_width__hover_enabled=\u00a0\u00bboff\u00a0\u00bb button_two_border_width__hover_enabled=\u00a0\u00bboff\u00a0\u00bb button_border_color__hover_enabled=\u00a0\u00bboff\u00a0\u00bb button_one_border_color__hover_enabled=\u00a0\u00bboff\u00a0\u00bb button_two_border_color__hover_enabled=\u00a0\u00bboff\u00a0\u00bb button_border_radius__hover_enabled=\u00a0\u00bboff\u00a0\u00bb button_one_border_radius__hover_enabled=\u00a0\u00bboff\u00a0\u00bb button_two_border_radius__hover_enabled=\u00a0\u00bboff\u00a0\u00bb button_letter_spacing__hover_enabled=\u00a0\u00bboff\u00a0\u00bb button_one_letter_spacing__hover_enabled=\u00a0\u00bboff\u00a0\u00bb button_two_letter_spacing__hover_enabled=\u00a0\u00bboff\u00a0\u00bb button_bg_color__hover_enabled=\u00a0\u00bboff\u00a0\u00bb button_one_bg_color__hover_enabled=\u00a0\u00bboff\u00a0\u00bb button_two_bg_color__hover_enabled=\u00a0\u00bboff\u00a0\u00bb sticky_enabled=\u00a0\u00bb0&Prime;][\/et_pb_contact_field][et_pb_contact_field field_id=\u00a0\u00bbEmail\u00a0\u00bb field_title=\u00a0\u00bbAdresse mail\u00a0\u00bb field_type=\u00a0\u00bbemail\u00a0\u00bb _builder_version=\u00a0\u00bb4.27.0&Prime; _module_preset=\u00a0\u00bbdefault\u00a0\u00bb hover_enabled=\u00a0\u00bb0&Prime; global_colors_info=\u00a0\u00bb{}\u00a0\u00bb button_text_size__hover_enabled=\u00a0\u00bboff\u00a0\u00bb button_one_text_size__hover_enabled=\u00a0\u00bboff\u00a0\u00bb button_two_text_size__hover_enabled=\u00a0\u00bboff\u00a0\u00bb button_text_color__hover_enabled=\u00a0\u00bboff\u00a0\u00bb button_one_text_color__hover_enabled=\u00a0\u00bboff\u00a0\u00bb button_two_text_color__hover_enabled=\u00a0\u00bboff\u00a0\u00bb button_border_width__hover_enabled=\u00a0\u00bboff\u00a0\u00bb button_one_border_width__hover_enabled=\u00a0\u00bboff\u00a0\u00bb button_two_border_width__hover_enabled=\u00a0\u00bboff\u00a0\u00bb button_border_color__hover_enabled=\u00a0\u00bboff\u00a0\u00bb button_one_border_color__hover_enabled=\u00a0\u00bboff\u00a0\u00bb button_two_border_color__hover_enabled=\u00a0\u00bboff\u00a0\u00bb button_border_radius__hover_enabled=\u00a0\u00bboff\u00a0\u00bb button_one_border_radius__hover_enabled=\u00a0\u00bboff\u00a0\u00bb button_two_border_radius__hover_enabled=\u00a0\u00bboff\u00a0\u00bb button_letter_spacing__hover_enabled=\u00a0\u00bboff\u00a0\u00bb button_one_letter_spacing__hover_enabled=\u00a0\u00bboff\u00a0\u00bb button_two_letter_spacing__hover_enabled=\u00a0\u00bboff\u00a0\u00bb button_bg_color__hover_enabled=\u00a0\u00bboff\u00a0\u00bb button_one_bg_color__hover_enabled=\u00a0\u00bboff\u00a0\u00bb button_two_bg_color__hover_enabled=\u00a0\u00bboff\u00a0\u00bb sticky_enabled=\u00a0\u00bb0&Prime;][\/et_pb_contact_field][et_pb_contact_field field_id=\u00a0\u00bbtelephone\u00a0\u00bb field_title=\u00a0\u00bbT\u00e9l\u00e9phone\u00a0\u00bb fullwidth_field=\u00a0\u00bbon\u00a0\u00bb _builder_version=\u00a0\u00bb4.27.0&Prime; _module_preset=\u00a0\u00bbdefault\u00a0\u00bb hover_enabled=\u00a0\u00bb0&Prime; global_colors_info=\u00a0\u00bb{}\u00a0\u00bb sticky_enabled=\u00a0\u00bb0&Prime;][\/et_pb_contact_field][et_pb_contact_field field_id=\u00a0\u00bbMessage\u00a0\u00bb field_title=\u00a0\u00bbD\u00e9crivez votre demande\u00a0\u00bb field_type=\u00a0\u00bbtext\u00a0\u00bb fullwidth_field=\u00a0\u00bbon\u00a0\u00bb _builder_version=\u00a0\u00bb4.27.0&Prime; _module_preset=\u00a0\u00bbdefault\u00a0\u00bb global_colors_info=\u00a0\u00bb{}\u00a0\u00bb button_text_size__hover_enabled=\u00a0\u00bboff\u00a0\u00bb button_one_text_size__hover_enabled=\u00a0\u00bboff\u00a0\u00bb button_two_text_size__hover_enabled=\u00a0\u00bboff\u00a0\u00bb button_text_color__hover_enabled=\u00a0\u00bboff\u00a0\u00bb button_one_text_color__hover_enabled=\u00a0\u00bboff\u00a0\u00bb button_two_text_color__hover_enabled=\u00a0\u00bboff\u00a0\u00bb button_border_width__hover_enabled=\u00a0\u00bboff\u00a0\u00bb button_one_border_width__hover_enabled=\u00a0\u00bboff\u00a0\u00bb button_two_border_width__hover_enabled=\u00a0\u00bboff\u00a0\u00bb button_border_color__hover_enabled=\u00a0\u00bboff\u00a0\u00bb button_one_border_color__hover_enabled=\u00a0\u00bboff\u00a0\u00bb button_two_border_color__hover_enabled=\u00a0\u00bboff\u00a0\u00bb button_border_radius__hover_enabled=\u00a0\u00bboff\u00a0\u00bb button_one_border_radius__hover_enabled=\u00a0\u00bboff\u00a0\u00bb button_two_border_radius__hover_enabled=\u00a0\u00bboff\u00a0\u00bb button_letter_spacing__hover_enabled=\u00a0\u00bboff\u00a0\u00bb button_one_letter_spacing__hover_enabled=\u00a0\u00bboff\u00a0\u00bb button_two_letter_spacing__hover_enabled=\u00a0\u00bboff\u00a0\u00bb button_bg_color__hover_enabled=\u00a0\u00bboff\u00a0\u00bb button_one_bg_color__hover_enabled=\u00a0\u00bboff\u00a0\u00bb button_two_bg_color__hover_enabled=\u00a0\u00bboff\u00a0\u00bb][\/et_pb_contact_field][\/et_pb_contact_form][\/et_pb_column][\/et_pb_row][\/et_pb_section]<\/p>\n","protected":false},"excerpt":{"rendered":"<p>Your content goes here. Edit or remove this text inline or in the module Content settings. You can also style every aspect of this content in the module Design settings and even apply custom CSS to this text in the module Advanced settings. dazlkd dzdjkaz daoi<\/p>\n","protected":false},"author":1,"featured_media":0,"parent":0,"menu_order":0,"comment_status":"closed","ping_status":"closed","template":"","meta":{"_et_pb_use_builder":"on","_et_pb_old_content":"","_et_gb_content_width":"","footnotes":""},"class_list":["post-36","page","type-page","status-publish","hentry"],"yoast_head":"<!-- This site is optimized with the Yoast SEO plugin v25.3 - https:\/\/yoast.com\/wordpress\/plugins\/seo\/ -->\n<title>Demander un devis - Voyage p\u00eache Canada<\/title>\n<meta name=\"robots\" content=\"index, follow, max-snippet:-1, max-image-preview:large, max-video-preview:-1\" \/>\n<link rel=\"canonical\" href=\"https:\/\/voyagepechecanada.com\/index.php\/demander-un-devis\/\" \/>\n<meta property=\"og:locale\" content=\"fr_FR\" \/>\n<meta property=\"og:type\" content=\"article\" \/>\n<meta property=\"og:title\" content=\"Demander un devis - Voyage p\u00eache Canada\" \/>\n<meta property=\"og:description\" content=\"Your content goes here. Edit or remove this text inline or in the module Content settings. You can also style every aspect of this content in the module Design settings and even apply custom CSS to this text in the module Advanced settings. dazlkd dzdjkaz daoi\" \/>\n<meta property=\"og:url\" content=\"https:\/\/voyagepechecanada.com\/index.php\/demander-un-devis\/\" \/>\n<meta property=\"og:site_name\" content=\"Voyage p\u00eache Canada\" \/>\n<meta property=\"article:modified_time\" content=\"2024-08-05T09:00:18+00:00\" \/>\n<meta property=\"og:image\" content=\"https:\/\/voyagepechecanada.com\/wp-content\/uploads\/2024\/09\/logo-voyage-peche-canada-blanc.png\" \/>\n\t<meta property=\"og:image:width\" content=\"3375\" \/>\n\t<meta property=\"og:image:height\" content=\"3375\" \/>\n\t<meta property=\"og:image:type\" content=\"image\/png\" \/>\n<meta name=\"twitter:card\" content=\"summary_large_image\" \/>\n<meta name=\"twitter:label1\" content=\"Dur\u00e9e de lecture estim\u00e9e\" \/>\n\t<meta name=\"twitter:data1\" content=\"4 minutes\" \/>\n<script type=\"application\/ld+json\" class=\"yoast-schema-graph\">{\"@context\":\"https:\/\/schema.org\",\"@graph\":[{\"@type\":\"WebPage\",\"@id\":\"https:\/\/voyagepechecanada.com\/index.php\/demander-un-devis\/\",\"url\":\"https:\/\/voyagepechecanada.com\/index.php\/demander-un-devis\/\",\"name\":\"Demander un devis - Voyage p\u00eache Canada\",\"isPartOf\":{\"@id\":\"https:\/\/voyagepechecanada.com\/#website\"},\"datePublished\":\"2024-07-31T09:45:44+00:00\",\"dateModified\":\"2024-08-05T09:00:18+00:00\",\"breadcrumb\":{\"@id\":\"https:\/\/voyagepechecanada.com\/index.php\/demander-un-devis\/#breadcrumb\"},\"inLanguage\":\"fr-FR\",\"potentialAction\":[{\"@type\":\"ReadAction\",\"target\":[\"https:\/\/voyagepechecanada.com\/index.php\/demander-un-devis\/\"]}]},{\"@type\":\"BreadcrumbList\",\"@id\":\"https:\/\/voyagepechecanada.com\/index.php\/demander-un-devis\/#breadcrumb\",\"itemListElement\":[{\"@type\":\"ListItem\",\"position\":1,\"name\":\"Accueil\",\"item\":\"https:\/\/voyagepechecanada.com\/\"},{\"@type\":\"ListItem\",\"position\":2,\"name\":\"Demander un devis\"}]},{\"@type\":\"WebSite\",\"@id\":\"https:\/\/voyagepechecanada.com\/#website\",\"url\":\"https:\/\/voyagepechecanada.com\/\",\"name\":\"Voyage p\u00eache Canada\",\"description\":\"Des voyages de p\u00eache sur mesure dans LE pays de la p\u00eache !\",\"publisher\":{\"@id\":\"https:\/\/voyagepechecanada.com\/#organization\"},\"potentialAction\":[{\"@type\":\"SearchAction\",\"target\":{\"@type\":\"EntryPoint\",\"urlTemplate\":\"https:\/\/voyagepechecanada.com\/?s={search_term_string}\"},\"query-input\":{\"@type\":\"PropertyValueSpecification\",\"valueRequired\":true,\"valueName\":\"search_term_string\"}}],\"inLanguage\":\"fr-FR\"},{\"@type\":\"Organization\",\"@id\":\"https:\/\/voyagepechecanada.com\/#organization\",\"name\":\"Voyage p\u00eache Canada\",\"url\":\"https:\/\/voyagepechecanada.com\/\",\"logo\":{\"@type\":\"ImageObject\",\"inLanguage\":\"fr-FR\",\"@id\":\"https:\/\/voyagepechecanada.com\/#\/schema\/logo\/image\/\",\"url\":\"https:\/\/voyagepechecanada.com\/wp-content\/uploads\/2024\/09\/logo-voyage-peche-canada-blanc.png\",\"contentUrl\":\"https:\/\/voyagepechecanada.com\/wp-content\/uploads\/2024\/09\/logo-voyage-peche-canada-blanc.png\",\"width\":3375,\"height\":3375,\"caption\":\"Voyage p\u00eache Canada\"},\"image\":{\"@id\":\"https:\/\/voyagepechecanada.com\/#\/schema\/logo\/image\/\"}}]}<\/script>\n<!-- \/ Yoast SEO plugin. -->","yoast_head_json":{"title":"Demander un devis - Voyage p\u00eache Canada","robots":{"index":"index","follow":"follow","max-snippet":"max-snippet:-1","max-image-preview":"max-image-preview:large","max-video-preview":"max-video-preview:-1"},"canonical":"https:\/\/voyagepechecanada.com\/index.php\/demander-un-devis\/","og_locale":"fr_FR","og_type":"article","og_title":"Demander un devis - Voyage p\u00eache Canada","og_description":"Your content goes here. Edit or remove this text inline or in the module Content settings. You can also style every aspect of this content in the module Design settings and even apply custom CSS to this text in the module Advanced settings. dazlkd dzdjkaz daoi","og_url":"https:\/\/voyagepechecanada.com\/index.php\/demander-un-devis\/","og_site_name":"Voyage p\u00eache Canada","article_modified_time":"2024-08-05T09:00:18+00:00","og_image":[{"width":3375,"height":3375,"url":"https:\/\/voyagepechecanada.com\/wp-content\/uploads\/2024\/09\/logo-voyage-peche-canada-blanc.png","type":"image\/png"}],"twitter_card":"summary_large_image","twitter_misc":{"Dur\u00e9e de lecture estim\u00e9e":"4 minutes"},"schema":{"@context":"https:\/\/schema.org","@graph":[{"@type":"WebPage","@id":"https:\/\/voyagepechecanada.com\/index.php\/demander-un-devis\/","url":"https:\/\/voyagepechecanada.com\/index.php\/demander-un-devis\/","name":"Demander un devis - Voyage p\u00eache Canada","isPartOf":{"@id":"https:\/\/voyagepechecanada.com\/#website"},"datePublished":"2024-07-31T09:45:44+00:00","dateModified":"2024-08-05T09:00:18+00:00","breadcrumb":{"@id":"https:\/\/voyagepechecanada.com\/index.php\/demander-un-devis\/#breadcrumb"},"inLanguage":"fr-FR","potentialAction":[{"@type":"ReadAction","target":["https:\/\/voyagepechecanada.com\/index.php\/demander-un-devis\/"]}]},{"@type":"BreadcrumbList","@id":"https:\/\/voyagepechecanada.com\/index.php\/demander-un-devis\/#breadcrumb","itemListElement":[{"@type":"ListItem","position":1,"name":"Accueil","item":"https:\/\/voyagepechecanada.com\/"},{"@type":"ListItem","position":2,"name":"Demander un devis"}]},{"@type":"WebSite","@id":"https:\/\/voyagepechecanada.com\/#website","url":"https:\/\/voyagepechecanada.com\/","name":"Voyage p\u00eache Canada","description":"Des voyages de p\u00eache sur mesure dans LE pays de la p\u00eache !","publisher":{"@id":"https:\/\/voyagepechecanada.com\/#organization"},"potentialAction":[{"@type":"SearchAction","target":{"@type":"EntryPoint","urlTemplate":"https:\/\/voyagepechecanada.com\/?s={search_term_string}"},"query-input":{"@type":"PropertyValueSpecification","valueRequired":true,"valueName":"search_term_string"}}],"inLanguage":"fr-FR"},{"@type":"Organization","@id":"https:\/\/voyagepechecanada.com\/#organization","name":"Voyage p\u00eache Canada","url":"https:\/\/voyagepechecanada.com\/","logo":{"@type":"ImageObject","inLanguage":"fr-FR","@id":"https:\/\/voyagepechecanada.com\/#\/schema\/logo\/image\/","url":"https:\/\/voyagepechecanada.com\/wp-content\/uploads\/2024\/09\/logo-voyage-peche-canada-blanc.png","contentUrl":"https:\/\/voyagepechecanada.com\/wp-content\/uploads\/2024\/09\/logo-voyage-peche-canada-blanc.png","width":3375,"height":3375,"caption":"Voyage p\u00eache Canada"},"image":{"@id":"https:\/\/voyagepechecanada.com\/#\/schema\/logo\/image\/"}}]}},"_links":{"self":[{"href":"https:\/\/voyagepechecanada.com\/index.php\/wp-json\/wp\/v2\/pages\/36","targetHints":{"allow":["GET"]}}],"collection":[{"href":"https:\/\/voyagepechecanada.com\/index.php\/wp-json\/wp\/v2\/pages"}],"about":[{"href":"https:\/\/voyagepechecanada.com\/index.php\/wp-json\/wp\/v2\/types\/page"}],"author":[{"embeddable":true,"href":"https:\/\/voyagepechecanada.com\/index.php\/wp-json\/wp\/v2\/users\/1"}],"replies":[{"embeddable":true,"href":"https:\/\/voyagepechecanada.com\/index.php\/wp-json\/wp\/v2\/comments?post=36"}],"version-history":[{"count":12,"href":"https:\/\/voyagepechecanada.com\/index.php\/wp-json\/wp\/v2\/pages\/36\/revisions"}],"predecessor-version":[{"id":174,"href":"https:\/\/voyagepechecanada.com\/index.php\/wp-json\/wp\/v2\/pages\/36\/revisions\/174"}],"wp:attachment":[{"href":"https:\/\/voyagepechecanada.com\/index.php\/wp-json\/wp\/v2\/media?parent=36"}],"curies":[{"name":"wp","href":"https:\/\/api.w.org\/{rel}","templated":true}]}}